{"id":6,"date":"2022-02-01T12:30:02","date_gmt":"2022-02-01T11:30:02","guid":{"rendered":"https:\/\/klamke-info.de\/?page_id=6"},"modified":"2023-10-17T21:38:43","modified_gmt":"2023-10-17T19:38:43","slug":"startseite","status":"publish","type":"page","link":"https:\/\/klamke-info.de\/","title":{"rendered":"Startseite"},"content":{"rendered":"\n<h2 class=\"wp-block-heading\" id=\"herzlich-willkommen\">Herzlich Willkommen!<\/h2>\n\n\n\n<p>Hier gibt es eine \u00dcbersicht \u00fcber unsere Angebote &amp; pers\u00f6nliche Blogs. Viel Spa\u00df beim St\u00f6bern \ud83d\ude42<\/p>\n\n\n\n<h5 class=\"wp-block-heading\" id=\"beratungsangebote-coaching\">Beratungsangebote &amp; Coaching<\/h5>\n\n\n\n<div class=\"wp-block-media-text alignwide is-stacked-on-mobile\"><figure class=\"wp-block-media-text__media\"><img loading=\"lazy\" decoding=\"async\" width=\"1024\" height=\"768\" src=\"https:\/\/klamke-info.de\/wp-content\/uploads\/2022\/02\/IMG_20180402_123535-1024x768.jpg\" alt=\"\" class=\"wp-image-30 size-full\" srcset=\"https:\/\/klamke-info.de\/wp-content\/uploads\/2022\/02\/IMG_20180402_123535-1024x768.jpg 1024w, https:\/\/klamke-info.de\/wp-content\/uploads\/2022\/02\/IMG_20180402_123535-300x225.jpg 300w, https:\/\/klamke-info.de\/wp-content\/uploads\/2022\/02\/IMG_20180402_123535-768x576.jpg 768w, https:\/\/klamke-info.de\/wp-content\/uploads\/2022\/02\/IMG_20180402_123535-1536x1152.jpg 1536w, https:\/\/klamke-info.de\/wp-content\/uploads\/2022\/02\/IMG_20180402_123535-2048x1536.jpg 2048w, https:\/\/klamke-info.de\/wp-content\/uploads\/2022\/02\/IMG_20180402_123535-400x300.jpg 400w\" sizes=\"auto, (max-width: 1024px) 100vw, 1024px\" \/><\/figure><div class=\"wp-block-media-text__content\">\n<p class=\"has-large-font-size\">Beratung, Coaching &amp; Kurse f\u00fcr Eltern rund um alle Themen betreffend Babys, Kleinkinder, Schulkinder &amp; Familienleben. <br><\/p>\n<\/div><\/div>\n\n\n\n<div class=\"wp-block-buttons is-content-justification-center is-layout-flex wp-container-core-buttons-is-layout-16018d1d wp-block-buttons-is-layout-flex\">\n<div class=\"wp-block-button\"><a class=\"wp-block-button__link wp-element-button\" href=\"https:\/\/mehr.beziehungsfreude.de\">Beziehungsfreude<\/a><\/div>\n<\/div>\n\n\n\n<hr class=\"wp-block-separator has-css-opacity\"\/>\n\n\n\n<div class=\"wp-block-media-text alignwide has-media-on-the-right is-stacked-on-mobile\"><div class=\"wp-block-media-text__content\">\n<p class=\"has-large-font-size\">Yoga Coaching<br>Du m\u00f6chtest gerne Yoga in deinen Alltag integrieren? <br>Ich kann dich dabei unterst\u00fctzen, eine t\u00e4gliche Yoga-Routine zu entwickeln.<\/p>\n<\/div><figure class=\"wp-block-media-text__media\"><img loading=\"lazy\" decoding=\"async\" width=\"1024\" height=\"795\" src=\"https:\/\/klamke-info.de\/wp-content\/uploads\/2022\/02\/20200803_181013-2-1024x795.jpg\" alt=\"\" class=\"wp-image-33 size-full\" srcset=\"https:\/\/klamke-info.de\/wp-content\/uploads\/2022\/02\/20200803_181013-2-1024x795.jpg 1024w, https:\/\/klamke-info.de\/wp-content\/uploads\/2022\/02\/20200803_181013-2-300x233.jpg 300w, https:\/\/klamke-info.de\/wp-content\/uploads\/2022\/02\/20200803_181013-2-768x597.jpg 768w, https:\/\/klamke-info.de\/wp-content\/uploads\/2022\/02\/20200803_181013-2-1536x1193.jpg 1536w, https:\/\/klamke-info.de\/wp-content\/uploads\/2022\/02\/20200803_181013-2-2048x1591.jpg 2048w, https:\/\/klamke-info.de\/wp-content\/uploads\/2022\/02\/20200803_181013-2-386x300.jpg 386w\" sizes=\"auto, (max-width: 1024px) 100vw, 1024px\" \/><\/figure><\/div>\n\n\n\n<div class=\"wp-block-buttons is-content-justification-center is-layout-flex wp-container-core-buttons-is-layout-16018d1d wp-block-buttons-is-layout-flex\">\n<div class=\"wp-block-button\"><a class=\"wp-block-button__link wp-element-button\" href=\"https:\/\/yoga.coaching-freital.de\">Yoga-Coaching<\/a><\/div>\n<\/div>\n\n\n\n<hr class=\"wp-block-separator has-css-opacity\"\/>\n\n\n\n<div class=\"wp-block-media-text alignwide is-stacked-on-mobile is-image-fill\"><figure class=\"wp-block-media-text__media\" style=\"background-image:url(https:\/\/klamke-info.de\/wp-content\/uploads\/2022\/02\/20200805_134102.jpg);background-position:37% 12%\"><img loading=\"lazy\" decoding=\"async\" width=\"655\" height=\"873\" src=\"https:\/\/klamke-info.de\/wp-content\/uploads\/2022\/02\/20200805_134102.jpg\" alt=\"\" class=\"wp-image-36 size-full\" srcset=\"https:\/\/klamke-info.de\/wp-content\/uploads\/2022\/02\/20200805_134102.jpg 655w, https:\/\/klamke-info.de\/wp-content\/uploads\/2022\/02\/20200805_134102-225x300.jpg 225w\" sizes=\"auto, (max-width: 655px) 100vw, 655px\" \/><\/figure><div class=\"wp-block-media-text__content\">\n<p class=\"has-large-font-size\">Coaching f\u00fcr private Personen, Institutionen, Firmen &amp; Bildungseinrichtungen <\/p>\n<\/div><\/div>\n\n\n\n<div class=\"wp-block-columns is-layout-flex wp-container-core-columns-is-layout-9d6595d7 wp-block-columns-is-layout-flex\">\n<div class=\"wp-block-column is-layout-flow wp-block-column-is-layout-flow\">\n<div class=\"wp-block-buttons is-content-justification-center is-layout-flex wp-container-core-buttons-is-layout-16018d1d wp-block-buttons-is-layout-flex\"><\/div>\n<\/div>\n\n\n\n<div class=\"wp-block-column is-layout-flow wp-block-column-is-layout-flow\">\n<div class=\"wp-block-buttons is-content-justification-center is-layout-flex wp-container-core-buttons-is-layout-16018d1d wp-block-buttons-is-layout-flex\"><\/div>\n<\/div>\n\n\n\n<div class=\"wp-block-column is-layout-flow wp-block-column-is-layout-flow\">\n<div class=\"wp-block-buttons is-content-justification-center is-layout-flex wp-container-core-buttons-is-layout-16018d1d wp-block-buttons-is-layout-flex\"><\/div>\n<\/div>\n<\/div>\n\n\n\n<hr class=\"wp-block-separator has-css-opacity\"\/>\n\n\n\n<h5 class=\"wp-block-heading\" id=\"blogs-zu-verschiedenen-themenbereichen\">Blogs zu verschiedenen Themenbereichen<\/h5>\n\n\n\n<div class=\"wp-block-buttons is-content-justification-center is-layout-flex wp-container-core-buttons-is-layout-16018d1d wp-block-buttons-is-layout-flex\"><\/div>\n\n\n\n<hr class=\"wp-block-separator has-css-opacity\"\/>\n\n\n\n<div class=\"wp-block-media-text alignwide has-media-on-the-right is-stacked-on-mobile is-image-fill\"><div class=\"wp-block-media-text__content\">\n<p class=\"has-large-font-size\">Pers\u00f6nlicher Blog <br>Der Traum einer Weltreise &#8211; <br>zu f\u00fcnft um die Welt!<\/p>\n<\/div><figure class=\"wp-block-media-text__media\" style=\"background-image:url(https:\/\/klamke-info.de\/wp-content\/uploads\/2022\/02\/DSC_0134-576x1024.jpg);background-position:45% 21%\"><img loading=\"lazy\" decoding=\"async\" width=\"576\" height=\"1024\" src=\"https:\/\/klamke-info.de\/wp-content\/uploads\/2022\/02\/DSC_0134-576x1024.jpg\" alt=\"\" class=\"wp-image-50 size-full\" srcset=\"https:\/\/klamke-info.de\/wp-content\/uploads\/2022\/02\/DSC_0134-576x1024.jpg 576w, https:\/\/klamke-info.de\/wp-content\/uploads\/2022\/02\/DSC_0134-169x300.jpg 169w, https:\/\/klamke-info.de\/wp-content\/uploads\/2022\/02\/DSC_0134-768x1366.jpg 768w, https:\/\/klamke-info.de\/wp-content\/uploads\/2022\/02\/DSC_0134-864x1536.jpg 864w, https:\/\/klamke-info.de\/wp-content\/uploads\/2022\/02\/DSC_0134-rotated.jpg 1060w\" sizes=\"auto, (max-width: 576px) 100vw, 576px\" \/><\/figure><\/div>\n\n\n\n<div class=\"wp-block-buttons is-content-justification-center is-layout-flex wp-container-core-buttons-is-layout-16018d1d wp-block-buttons-is-layout-flex\">\n<div class=\"wp-block-button\"><a class=\"wp-block-button__link wp-element-button\" href=\"https:\/\/5-um-die-welt.beziehungsfreude.de\/\">5-um-die-Welt<\/a><\/div>\n<\/div>\n","protected":false},"excerpt":{"rendered":"<p>Herzlich Willkommen! Hier gibt es eine \u00dcbersicht \u00fcber unsere Angebote &amp; pers\u00f6nliche Blogs. Viel Spa\u00df beim St\u00f6bern \ud83d\ude42 Beratungsangebote &amp; Coaching Beratung, Coaching &amp; Kurse &hellip;<\/p>\n","protected":false},"author":1,"featured_media":0,"parent":0,"menu_order":0,"comment_status":"closed","ping_status":"closed","template":"","meta":{"footnotes":""},"class_list":["post-6","page","type-page","status-publish","hentry"],"_links":{"self":[{"href":"https:\/\/klamke-info.de\/index.php?rest_route=\/wp\/v2\/pages\/6","targetHints":{"allow":["GET"]}}],"collection":[{"href":"https:\/\/klamke-info.de\/index.php?rest_route=\/wp\/v2\/pages"}],"about":[{"href":"https:\/\/klamke-info.de\/index.php?rest_route=\/wp\/v2\/types\/page"}],"author":[{"embeddable":true,"href":"https:\/\/klamke-info.de\/index.php?rest_route=\/wp\/v2\/users\/1"}],"replies":[{"embeddable":true,"href":"https:\/\/klamke-info.de\/index.php?rest_route=%2Fwp%2Fv2%2Fcomments&post=6"}],"version-history":[{"count":14,"href":"https:\/\/klamke-info.de\/index.php?rest_route=\/wp\/v2\/pages\/6\/revisions"}],"predecessor-version":[{"id":56,"href":"https:\/\/klamke-info.de\/index.php?rest_route=\/wp\/v2\/pages\/6\/revisions\/56"}],"wp:attachment":[{"href":"https:\/\/klamke-info.de\/index.php?rest_route=%2Fwp%2Fv2%2Fmedia&parent=6"}],"curies":[{"name":"wp","href":"https:\/\/api.w.org\/{rel}","templated":true}]}}